{"id":10,"date":"2025-10-14T14:50:20","date_gmt":"2025-10-14T14:50:20","guid":{"rendered":"https:\/\/louisrverron.fr\/?page_id=10"},"modified":"2026-01-15T10:50:33","modified_gmt":"2026-01-15T10:50:33","slug":"accueil","status":"publish","type":"page","link":"https:\/\/louisrverron.fr\/","title":{"rendered":"Accueil"},"content":{"rendered":"\t\t<div data-elementor-type=\"wp-page\" data-elementor-id=\"10\" class=\"elementor elementor-10\">\n\t\t\t\t<div class=\"elementor-element elementor-element-e49a7d5 e-con-full e-flex wpr-particle-no wpr-jarallax-no wpr-parallax-no wpr-sticky-section-no e-con e-parent\" data-id=\"e49a7d5\" data-element_type=\"container\" data-settings=\"{&quot;background_background&quot;:&quot;classic&quot;}\">\n\t\t\t\t<div class=\"elementor-element elementor-element-d89c613 elementor-widget elementor-widget-html\" data-id=\"d89c613\" data-element_type=\"widget\" data-widget_type=\"html.default\">\n\t\t\t\t\t<iframe data-testid=\"embed-iframe\" style=\"border-radius:12px\" src=\"https:\/\/open.spotify.com\/embed\/album\/5VpBufFcoZ54kPrsAdLe4J?utm_source=generator\" width=\"100%\" height=\"400\" frameBorder=\"0\" allowfullscreen=\"\" allow=\"autoplay; clipboard-write; encrypted-media; fullscreen; picture-in-picture\" loading=\"lazy\"><\/iframe>\n\t\t\t\t<\/div>\n\t\t\t\t<\/div>\n\t\t<div class=\"elementor-element elementor-element-6fb04dc e-flex e-con-boxed wpr-particle-no wpr-jarallax-no wpr-parallax-no wpr-sticky-section-no e-con e-parent\" data-id=\"6fb04dc\" data-element_type=\"container\">\n\t\t\t\t\t<div class=\"e-con-inner\">\n\t\t<div class=\"elementor-element elementor-element-425c7f3 e-con-full e-flex wpr-particle-no wpr-jarallax-no wpr-parallax-no wpr-sticky-section-no e-con e-child\" data-id=\"425c7f3\" data-element_type=\"container\">\n\t\t\t\t<div class=\"elementor-element elementor-element-84e50da elementor-widget elementor-widget-image\" data-id=\"84e50da\" data-element_type=\"widget\" data-widget_type=\"image.default\">\n\t\t\t\t\t\t\t\t\t\t\t\t\t\t\t\t<a href=\"http:\/\/louisrverron.fr\/wp-content\/uploads\/2026\/01\/pochette-verron-novembre-web.jpg\" data-elementor-open-lightbox=\"yes\" data-elementor-lightbox-title=\"pochette-verron-novembre-web\" data-elementor-lightbox-description=\"pochette-verron-novembre\" data-e-action-hash=\"#elementor-action%3Aaction%3Dlightbox%26settings%3DeyJpZCI6NzEsInVybCI6Imh0dHBzOlwvXC9sb3Vpc3J2ZXJyb24uZnJcL3dwLWNvbnRlbnRcL3VwbG9hZHNcLzIwMjZcLzAxXC9wb2NoZXR0ZS12ZXJyb24tbm92ZW1icmUtd2ViLmpwZyJ9\">\n\t\t\t\t\t\t\t<img fetchpriority=\"high\" decoding=\"async\" width=\"850\" height=\"850\" src=\"https:\/\/louisrverron.fr\/wp-content\/uploads\/2026\/01\/pochette-verron-novembre-web.jpg\" class=\"attachment-large size-large wp-image-71\" alt=\"pochette-verron-novembre\" srcset=\"https:\/\/louisrverron.fr\/wp-content\/uploads\/2026\/01\/pochette-verron-novembre-web.jpg 850w, https:\/\/louisrverron.fr\/wp-content\/uploads\/2026\/01\/pochette-verron-novembre-web-300x300.jpg 300w, https:\/\/louisrverron.fr\/wp-content\/uploads\/2026\/01\/pochette-verron-novembre-web-150x150.jpg 150w, https:\/\/louisrverron.fr\/wp-content\/uploads\/2026\/01\/pochette-verron-novembre-web-768x768.jpg 768w, https:\/\/louisrverron.fr\/wp-content\/uploads\/2026\/01\/elementor\/thumbs\/pochette-verron-novembre-web-rhli3r6mvvhy3nlcjvjth5hln55fzpgb7nw07cspl4.jpg 500w, https:\/\/louisrverron.fr\/wp-content\/uploads\/2026\/01\/elementor\/thumbs\/pochette-verron-novembre-web-rhli3r6lo0pihnfm4yond2n8lsxtby8lbvau1ybhk0.jpg 400w\" sizes=\"(max-width: 850px) 100vw, 850px\" \/>\t\t\t\t\t\t\t\t<\/a>\n\t\t\t\t\t\t\t\t\t\t\t\t\t\t\t<\/div>\n\t\t\t\t<div class=\"elementor-element elementor-element-0e36c43 elementor-widget elementor-widget-heading\" data-id=\"0e36c43\" data-element_type=\"widget\" data-widget_type=\"heading.default\">\n\t\t\t\t\t<h4 class=\"elementor-heading-title elementor-size-default\"><a href=\"http:\/\/louisrverron.fr\/wp-content\/uploads\/2026\/01\/pochette-album.pdf\">Voir les textes de l'album<\/a><\/h4>\t\t\t\t<\/div>\n\t\t\t\t<\/div>\n\t\t<div class=\"elementor-element elementor-element-61dbf12 e-con-full e-flex wpr-particle-no wpr-jarallax-no wpr-parallax-no wpr-sticky-section-no e-con e-child\" data-id=\"61dbf12\" data-element_type=\"container\">\n\t\t\t\t<div class=\"elementor-element elementor-element-db49273 elementor-widget elementor-widget-text-editor\" data-id=\"db49273\" data-element_type=\"widget\" data-widget_type=\"text-editor.default\">\n\t\t\t\t\t\t\t\t\t<p>Avec <strong>Novembre<\/strong>, <em>Verron<\/em> signe un deuxi\u00e8me album de chanson fran\u00e7aise \u00ab\u00a0\u00e9lectrifi\u00e9e\u00a0\u00bb, intime et intense. Entre po\u00e9sie et m\u00e9lodies habit\u00e9es, l\u2019artiste d\u00e9ploie un univers singulier o\u00f9 r\u00e9sonnent des influences comme Bashung, Rapha\u00ebl ou Thomas Fersen, tout en affirmant une identit\u00e9 forte et personnelle. Textes cisel\u00e9s, voix reconnaissable entre toutes et arrangements subtils font de <strong>Novembre<\/strong> un album \u00e0 d\u00e9couvrir et \u00e0 \u00e9couter sans d\u00e9tour sur toutes les plateformes.<\/p>\t\t\t\t\t\t\t\t<\/div>\n\t\t\t\t<div class=\"elementor-element elementor-element-8e0016d elementor-view-default elementor-widget elementor-widget-icon\" data-id=\"8e0016d\" data-element_type=\"widget\" data-widget_type=\"icon.default\">\n\t\t\t\t\t\t\t<div class=\"elementor-icon-wrapper\">\n\t\t\t<a class=\"elementor-icon\" href=\"https:\/\/open.spotify.com\/intl-fr\/album\/5VpBufFcoZ54kPrsAdLe4J?si=N9o04QQjS7G0do454Ra49Q\">\n\t\t\t<svg aria-hidden=\"true\" class=\"e-font-icon-svg e-fab-spotify\" viewBox=\"0 0 496 512\" xmlns=\"http:\/\/www.w3.org\/2000\/svg\"><path d=\"M248 8C111.1 8 0 119.1 0 256s111.1 248 248 248 248-111.1 248-248S384.9 8 248 8zm100.7 364.9c-4.2 0-6.8-1.3-10.7-3.6-62.4-37.6-135-39.2-206.7-24.5-3.9 1-9 2.6-11.9 2.6-9.7 0-15.8-7.7-15.8-15.8 0-10.3 6.1-15.2 13.6-16.8 81.9-18.1 165.6-16.5 237 26.2 6.1 3.9 9.7 7.4 9.7 16.5s-7.1 15.4-15.2 15.4zm26.9-65.6c-5.2 0-8.7-2.3-12.3-4.2-62.5-37-155.7-51.9-238.6-29.4-4.8 1.3-7.4 2.6-11.9 2.6-10.7 0-19.4-8.7-19.4-19.4s5.2-17.8 15.5-20.7c27.8-7.8 56.2-13.6 97.8-13.6 64.9 0 127.6 16.1 177 45.5 8.1 4.8 11.3 11 11.3 19.7-.1 10.8-8.5 19.5-19.4 19.5zm31-76.2c-5.2 0-8.4-1.3-12.9-3.9-71.2-42.5-198.5-52.7-280.9-29.7-3.6 1-8.1 2.6-12.9 2.6-13.2 0-23.3-10.3-23.3-23.6 0-13.6 8.4-21.3 17.4-23.9 35.2-10.3 74.6-15.2 117.5-15.2 73 0 149.5 15.2 205.4 47.8 7.8 4.5 12.9 10.7 12.9 22.6 0 13.6-11 23.3-23.2 23.3z\"><\/path><\/svg>\t\t\t<\/a>\n\t\t<\/div>\n\t\t\t\t\t\t<\/div>\n\t\t\t\t<\/div>\n\t\t\t\t\t<\/div>\n\t\t\t\t<\/div>\n\t\t\t\t<\/div>\n\t\t","protected":false},"excerpt":{"rendered":"<p>Voir les textes de l&rsquo;album Avec Novembre, Verron signe un deuxi\u00e8me album de chanson fran\u00e7aise \u00ab\u00a0\u00e9lectrifi\u00e9e\u00a0\u00bb, intime et intense. Entre po\u00e9sie et m\u00e9lodies habit\u00e9es, l\u2019artiste d\u00e9ploie un univers singulier o\u00f9 r\u00e9sonnent des influences comme Bashung, Rapha\u00ebl ou Thomas Fersen, tout en affirmant une identit\u00e9 forte et personnelle. Textes cisel\u00e9s, voix reconnaissable entre toutes et arrangements subtils font de Novembre un album \u00e0 d\u00e9couvrir et \u00e0 \u00e9couter sans d\u00e9tour sur toutes les plateformes.<\/p>\n","protected":false},"author":1,"featured_media":0,"parent":0,"menu_order":0,"comment_status":"closed","ping_status":"closed","template":"elementor_header_footer","meta":{"site-sidebar-layout":"no-sidebar","site-content-layout":"plain-container","ast-site-content-layout":"full-width-container","site-content-style":"default","site-sidebar-style":"default","ast-global-header-display":"","ast-banner-title-visibility":"","ast-main-header-display":"","ast-hfb-above-header-display":"","ast-hfb-below-header-display":"","ast-hfb-mobile-header-display":"","site-post-title":"","ast-breadcrumbs-content":"","ast-featured-img":"disabled","footer-sml-layout":"","ast-disable-related-posts":"","theme-transparent-header-meta":"enabled","adv-header-id-meta":"","stick-header-meta":"","header-above-stick-meta":"","header-main-stick-meta":"","header-below-stick-meta":"","astra-migrate-meta-layouts":"default","ast-page-background-enabled":"default","ast-page-background-meta":{"desktop":{"background-color":"var(--ast-global-color-5)","background-image":"","background-repeat":"repeat","background-position":"center center","background-size":"auto","background-attachment":"scroll","background-type":"","background-media":"","overlay-type":"","overlay-color":"","overlay-opacity":"","overlay-gradient":""},"tablet":{"background-color":"","background-image":"","background-repeat":"repeat","background-position":"center center","background-size":"auto","background-attachment":"scroll","background-type":"","background-media":"","overlay-type":"","overlay-color":"","overlay-opacity":"","overlay-gradient":""},"mobile":{"background-color":"","background-image":"","background-repeat":"repeat","background-position":"center center","background-size":"auto","background-attachment":"scroll","background-type":"","background-media":"","overlay-type":"","overlay-color":"","overlay-opacity":"","overlay-gradient":""}},"ast-content-background-meta":{"desktop":{"background-color":"var(--ast-global-color-4)","background-image":"","background-repeat":"repeat","background-position":"center center","background-size":"auto","background-attachment":"scroll","background-type":"","background-media":"","overlay-type":"","overlay-color":"","overlay-opacity":"","overlay-gradient":""},"tablet":{"background-color":"var(--ast-global-color-4)","background-image":"","background-repeat":"repeat","background-position":"center center","background-size":"auto","background-attachment":"scroll","background-type":"","background-media":"","overlay-type":"","overlay-color":"","overlay-opacity":"","overlay-gradient":""},"mobile":{"background-color":"var(--ast-global-color-4)","background-image":"","background-repeat":"repeat","background-position":"center center","background-size":"auto","background-attachment":"scroll","background-type":"","background-media":"","overlay-type":"","overlay-color":"","overlay-opacity":"","overlay-gradient":""}},"footnotes":""},"class_list":["post-10","page","type-page","status-publish","hentry"],"_links":{"self":[{"href":"https:\/\/louisrverron.fr\/index.php\/wp-json\/wp\/v2\/pages\/10","targetHints":{"allow":["GET"]}}],"collection":[{"href":"https:\/\/louisrverron.fr\/index.php\/wp-json\/wp\/v2\/pages"}],"about":[{"href":"https:\/\/louisrverron.fr\/index.php\/wp-json\/wp\/v2\/types\/page"}],"author":[{"embeddable":true,"href":"https:\/\/louisrverron.fr\/index.php\/wp-json\/wp\/v2\/users\/1"}],"replies":[{"embeddable":true,"href":"https:\/\/louisrverron.fr\/index.php\/wp-json\/wp\/v2\/comments?post=10"}],"version-history":[{"count":106,"href":"https:\/\/louisrverron.fr\/index.php\/wp-json\/wp\/v2\/pages\/10\/revisions"}],"predecessor-version":[{"id":190,"href":"https:\/\/louisrverron.fr\/index.php\/wp-json\/wp\/v2\/pages\/10\/revisions\/190"}],"wp:attachment":[{"href":"https:\/\/louisrverron.fr\/index.php\/wp-json\/wp\/v2\/media?parent=10"}],"curies":[{"name":"wp","href":"https:\/\/api.w.org\/{rel}","templated":true}]}}